{"id":90,"date":"2017-11-21T10:47:13","date_gmt":"2017-11-21T12:47:13","guid":{"rendered":"https:\/\/www.radiodoctor.com.br\/site\/?page_id=90"},"modified":"2018-03-23T00:25:38","modified_gmt":"2018-03-23T02:25:38","slug":"radiografia-p-a-seio-maxilar-waters","status":"publish","type":"page","link":"https:\/\/www.radiodoctor.com.br\/site\/radiografia-p-a-seio-maxilar-waters\/","title":{"rendered":"Radiografia P. A. Seio Maxilar ( Water\u00b4s )"},"content":{"rendered":"<div class=\"wpb-content-wrapper\">[vc_row][vc_column width=&#8221;1\/3&#8243;][vc_empty_space height=&#8221;62px&#8221;][vc_column_text]\n<h4><span style=\"color: #ffffff;\">Usada para avaliar os seios maxilares, os assoalhos das \u00f3rbitas e, ainda o seio frontal e c\u00e9lulas etmoidais; para pesquisa e localiza\u00e7\u00e3o de corpos estranhos, fragmentos de ra\u00edzes, dentes no interior do seio; localiza\u00e7\u00e3o e delimita\u00e7\u00e3o de \u00e1reas patol\u00f3gicas; localiza\u00e7\u00e3o e delimita\u00e7\u00e3o de fraturas na maxila.<\/span><\/h4>\n[\/vc_column_text][\/vc_column][vc_column width=&#8221;1\/3&#8243;][vc_column_text]<strong><img loading=\"lazy\" decoding=\"async\" class=\"aligncenter\" src=\"http:\/\/radiodoctor.com.br\/etc\/seiosmaxilaresWaters.jpg\" width=\"210\" height=\"246\" border=\"0\" \/><\/strong>[\/vc_column_text][\/vc_column][vc_column width=&#8221;1\/3&#8243;][vc_widget_sidebar sidebar_id=&#8221;sidebar-1&#8243;][\/vc_column][\/vc_row][vc_row][vc_column][vc_column_text]\n[\/vc_column_text][\/vc_column][\/vc_row]\n<\/div>","protected":false},"excerpt":{"rendered":"<p>[vc_row][vc_column width=&#8221;1\/3&#8243;][vc_empty_space height=&#8221;62px&#8221;][vc_column_text] Usada para avaliar os seios maxilares, os assoalhos das \u00f3rbitas e, ainda o seio frontal e c\u00e9lulas etmoidais; para pesquisa e localiza\u00e7\u00e3o de corpos estranhos, fragmentos de ra\u00edzes, dentes no interior do seio; localiza\u00e7\u00e3o e delimita\u00e7\u00e3o de \u00e1reas patol\u00f3gicas; localiza\u00e7\u00e3o e delimita\u00e7\u00e3o de fraturas na maxila. [\/vc_column_text][\/vc_column][vc_column width=&#8221;1\/3&#8243;][vc_column_text][\/vc_column_text][\/vc_column][vc_column width=&#8221;1\/3&#8243;][vc_widget_sidebar sidebar_id=&#8221;sidebar-1&#8243;][\/vc_column][\/vc_row][vc_row][vc_column][vc_column_text] [\/vc_column_text][\/vc_column][\/vc_row]<\/p>\n","protected":false},"author":1,"featured_media":0,"parent":0,"menu_order":0,"comment_status":"closed","ping_status":"closed","template":"","meta":{"footnotes":""},"_links":{"self":[{"href":"https:\/\/www.radiodoctor.com.br\/site\/wp-json\/wp\/v2\/pages\/90"}],"collection":[{"href":"https:\/\/www.radiodoctor.com.br\/site\/wp-json\/wp\/v2\/pages"}],"about":[{"href":"https:\/\/www.radiodoctor.com.br\/site\/wp-json\/wp\/v2\/types\/page"}],"author":[{"embeddable":true,"href":"https:\/\/www.radiodoctor.com.br\/site\/wp-json\/wp\/v2\/users\/1"}],"replies":[{"embeddable":true,"href":"https:\/\/www.radiodoctor.com.br\/site\/wp-json\/wp\/v2\/comments?post=90"}],"version-history":[{"count":3,"href":"https:\/\/www.radiodoctor.com.br\/site\/wp-json\/wp\/v2\/pages\/90\/revisions"}],"predecessor-version":[{"id":310,"href":"https:\/\/www.radiodoctor.com.br\/site\/wp-json\/wp\/v2\/pages\/90\/revisions\/310"}],"wp:attachment":[{"href":"https:\/\/www.radiodoctor.com.br\/site\/wp-json\/wp\/v2\/media?parent=90"}],"curies":[{"name":"wp","href":"https:\/\/api.w.org\/{rel}","templated":true}]}}