{"id":89,"date":"2017-11-21T10:44:00","date_gmt":"2017-11-21T12:44:00","guid":{"rendered":"https:\/\/www.radiodoctor.com.br\/site\/?page_id=89"},"modified":"2018-03-23T00:23:33","modified_gmt":"2018-03-23T02:23:33","slug":"radiografia-hirtz-axial","status":"publish","type":"page","link":"https:\/\/www.radiodoctor.com.br\/site\/radiografia-hirtz-axial\/","title":{"rendered":"Radiografia Hirtz (Axial)"},"content":{"rendered":"<div class=\"wpb-content-wrapper\">[vc_row][vc_column width=&#8221;1\/3&#8243;][vc_empty_space height=&#8221;62px&#8221;][vc_column_text]\n<h4><span style=\"color: #ffffff;\">Usada para localiza\u00e7\u00e3o das fraturas do arco zigom\u00e1tico; para pesquisa da integridade da parede posterior do seio maxilar; para o exame da mand\u00edbula (processo coron\u00f3ide e c\u00f4ndilo).<\/span><\/h4>\n[\/vc_column_text][\/vc_column][vc_column width=&#8221;1\/3&#8243;][vc_column_text]<strong><img loading=\"lazy\" decoding=\"async\" class=\"aligncenter\" src=\"http:\/\/radiodoctor.com.br\/etc\/axialhirtz.jpg\" width=\"200\" height=\"215\" border=\"0\" \/><\/strong>[\/vc_column_text][\/vc_column][vc_column width=&#8221;1\/3&#8243;][vc_widget_sidebar sidebar_id=&#8221;sidebar-1&#8243;][\/vc_column][\/vc_row][vc_row][vc_column][vc_column_text]\n[\/vc_column_text][\/vc_column][\/vc_row]\n<\/div>","protected":false},"excerpt":{"rendered":"<p>[vc_row][vc_column width=&#8221;1\/3&#8243;][vc_empty_space height=&#8221;62px&#8221;][vc_column_text] Usada para localiza\u00e7\u00e3o das fraturas do arco zigom\u00e1tico; para pesquisa da integridade da parede posterior do seio maxilar; para o exame da mand\u00edbula (processo coron\u00f3ide e c\u00f4ndilo). [\/vc_column_text][\/vc_column][vc_column width=&#8221;1\/3&#8243;][vc_column_text][\/vc_column_text][\/vc_column][vc_column width=&#8221;1\/3&#8243;][vc_widget_sidebar sidebar_id=&#8221;sidebar-1&#8243;][\/vc_column][\/vc_row][vc_row][vc_column][vc_column_text] [\/vc_column_text][\/vc_column][\/vc_row]<\/p>\n","protected":false},"author":1,"featured_media":0,"parent":0,"menu_order":0,"comment_status":"closed","ping_status":"closed","template":"","meta":{"footnotes":""},"_links":{"self":[{"href":"https:\/\/www.radiodoctor.com.br\/site\/wp-json\/wp\/v2\/pages\/89"}],"collection":[{"href":"https:\/\/www.radiodoctor.com.br\/site\/wp-json\/wp\/v2\/pages"}],"about":[{"href":"https:\/\/www.radiodoctor.com.br\/site\/wp-json\/wp\/v2\/types\/page"}],"author":[{"embeddable":true,"href":"https:\/\/www.radiodoctor.com.br\/site\/wp-json\/wp\/v2\/users\/1"}],"replies":[{"embeddable":true,"href":"https:\/\/www.radiodoctor.com.br\/site\/wp-json\/wp\/v2\/comments?post=89"}],"version-history":[{"count":3,"href":"https:\/\/www.radiodoctor.com.br\/site\/wp-json\/wp\/v2\/pages\/89\/revisions"}],"predecessor-version":[{"id":309,"href":"https:\/\/www.radiodoctor.com.br\/site\/wp-json\/wp\/v2\/pages\/89\/revisions\/309"}],"wp:attachment":[{"href":"https:\/\/www.radiodoctor.com.br\/site\/wp-json\/wp\/v2\/media?parent=89"}],"curies":[{"name":"wp","href":"https:\/\/api.w.org\/{rel}","templated":true}]}}