{"id":87,"date":"2017-11-21T10:40:18","date_gmt":"2017-11-21T12:40:18","guid":{"rendered":"https:\/\/www.radiodoctor.com.br\/site\/?page_id=87"},"modified":"2018-03-23T00:14:39","modified_gmt":"2018-03-23T02:14:39","slug":"radiografia-telerradiografia-lateral","status":"publish","type":"page","link":"https:\/\/www.radiodoctor.com.br\/site\/radiografia-telerradiografia-lateral\/","title":{"rendered":"Radiografia Telerradiografia Lateral"},"content":{"rendered":"<div class=\"wpb-content-wrapper\">[vc_row][vc_column width=&#8221;1\/3&#8243;][vc_empty_space][vc_column_text]\n<h4><span style=\"color: #ffffff;\">Avalia\u00e7\u00e3o do padr\u00e3o dento-esquel\u00e9tico facial; crescimento do cr\u00e2nio e face pela sobreposi\u00e7\u00e3o de tra\u00e7ados; planejamento do tratamento ortod\u00f4ntico; avalia\u00e7\u00e3o dos casos tratados e; observa\u00e7\u00e3o das modifica\u00e7\u00f5es morfol\u00f3gicas que ocorrem na face pela influ\u00eancia do tratamento ortod\u00f4ntico ou ortop\u00e9dico.<\/span><\/h4>\n[\/vc_column_text][\/vc_column][vc_column width=&#8221;1\/3&#8243;][vc_column_text]<strong><img loading=\"lazy\" decoding=\"async\" class=\"aligncenter\" src=\"http:\/\/radiodoctor.com.br\/etc\/TelerradiografiaLateral.jpg\" width=\"176\" height=\"236\" border=\"0\" \/><\/strong>[\/vc_column_text][\/vc_column][vc_column width=&#8221;1\/3&#8243;][vc_widget_sidebar sidebar_id=&#8221;sidebar-1&#8243;][\/vc_column][\/vc_row][vc_row][vc_column][vc_column_text]\n[\/vc_column_text][\/vc_column][\/vc_row]\n<\/div>","protected":false},"excerpt":{"rendered":"<p>[vc_row][vc_column width=&#8221;1\/3&#8243;][vc_empty_space][vc_column_text] Avalia\u00e7\u00e3o do padr\u00e3o dento-esquel\u00e9tico facial; crescimento do cr\u00e2nio e face pela sobreposi\u00e7\u00e3o de tra\u00e7ados; planejamento do tratamento ortod\u00f4ntico; avalia\u00e7\u00e3o dos casos tratados e; observa\u00e7\u00e3o das modifica\u00e7\u00f5es morfol\u00f3gicas que ocorrem na face pela influ\u00eancia do tratamento ortod\u00f4ntico ou ortop\u00e9dico. [\/vc_column_text][\/vc_column][vc_column width=&#8221;1\/3&#8243;][vc_column_text][\/vc_column_text][\/vc_column][vc_column width=&#8221;1\/3&#8243;][vc_widget_sidebar sidebar_id=&#8221;sidebar-1&#8243;][\/vc_column][\/vc_row][vc_row][vc_column][vc_column_text] [\/vc_column_text][\/vc_column][\/vc_row]<\/p>\n","protected":false},"author":1,"featured_media":0,"parent":0,"menu_order":0,"comment_status":"closed","ping_status":"closed","template":"","meta":{"footnotes":""},"_links":{"self":[{"href":"https:\/\/www.radiodoctor.com.br\/site\/wp-json\/wp\/v2\/pages\/87"}],"collection":[{"href":"https:\/\/www.radiodoctor.com.br\/site\/wp-json\/wp\/v2\/pages"}],"about":[{"href":"https:\/\/www.radiodoctor.com.br\/site\/wp-json\/wp\/v2\/types\/page"}],"author":[{"embeddable":true,"href":"https:\/\/www.radiodoctor.com.br\/site\/wp-json\/wp\/v2\/users\/1"}],"replies":[{"embeddable":true,"href":"https:\/\/www.radiodoctor.com.br\/site\/wp-json\/wp\/v2\/comments?post=87"}],"version-history":[{"count":4,"href":"https:\/\/www.radiodoctor.com.br\/site\/wp-json\/wp\/v2\/pages\/87\/revisions"}],"predecessor-version":[{"id":307,"href":"https:\/\/www.radiodoctor.com.br\/site\/wp-json\/wp\/v2\/pages\/87\/revisions\/307"}],"wp:attachment":[{"href":"https:\/\/www.radiodoctor.com.br\/site\/wp-json\/wp\/v2\/media?parent=87"}],"curies":[{"name":"wp","href":"https:\/\/api.w.org\/{rel}","templated":true}]}}