{"id":81,"date":"2017-11-21T10:33:03","date_gmt":"2017-11-21T12:33:03","guid":{"rendered":"https:\/\/www.radiodoctor.com.br\/site\/?page_id=81"},"modified":"2018-03-23T00:10:36","modified_gmt":"2018-03-23T02:10:36","slug":"radiografia-interproximal","status":"publish","type":"page","link":"https:\/\/www.radiodoctor.com.br\/site\/radiografia-interproximal\/","title":{"rendered":"Radiografia Interproximal"},"content":{"rendered":"<div class=\"wpb-content-wrapper\">[vc_row][vc_column width=&#8221;1\/3&#8243;][vc_empty_space][vc_column_text]\n<h4><span style=\"color: #ffffff;\">Exame das faces interproximais dos dentes posteriores e da crista \u00f3ssea alveolar com a finalidade de detectar a presen\u00e7a de processos de c\u00e1ries nesta regi\u00e3o, adapta\u00e7\u00e3o marginal de restaura\u00e7\u00f5es e presen\u00e7a de les\u00f5es periodontais com destrui\u00e7\u00e3o da crista \u00f3ssea alveolar.<\/span><\/h4>\n[\/vc_column_text][\/vc_column][vc_column width=&#8221;1\/3&#8243;][vc_column_text]<span style=\"font-family: verdana; font-size: small;\"><img loading=\"lazy\" decoding=\"async\" class=\"aligncenter\" src=\"http:\/\/radiodoctor.com.br\/etc\/serv03.jpg\" width=\"335\" height=\"267\" border=\"0\" \/><\/span>[\/vc_column_text][\/vc_column][vc_column width=&#8221;1\/3&#8243;][vc_widget_sidebar sidebar_id=&#8221;sidebar-1&#8243;][\/vc_column][\/vc_row][vc_row][vc_column][vc_column_text]\n[\/vc_column_text][\/vc_column][\/vc_row]\n<\/div>","protected":false},"excerpt":{"rendered":"<p>[vc_row][vc_column width=&#8221;1\/3&#8243;][vc_empty_space][vc_column_text] Exame das faces interproximais dos dentes posteriores e da crista \u00f3ssea alveolar com a finalidade de detectar a presen\u00e7a de processos de c\u00e1ries nesta regi\u00e3o, adapta\u00e7\u00e3o marginal de restaura\u00e7\u00f5es e presen\u00e7a de les\u00f5es periodontais com destrui\u00e7\u00e3o da crista \u00f3ssea alveolar. [\/vc_column_text][\/vc_column][vc_column width=&#8221;1\/3&#8243;][vc_column_text][\/vc_column_text][\/vc_column][vc_column width=&#8221;1\/3&#8243;][vc_widget_sidebar sidebar_id=&#8221;sidebar-1&#8243;][\/vc_column][\/vc_row][vc_row][vc_column][vc_column_text] [\/vc_column_text][\/vc_column][\/vc_row]<\/p>\n","protected":false},"author":1,"featured_media":0,"parent":0,"menu_order":0,"comment_status":"closed","ping_status":"closed","template":"","meta":{"footnotes":""},"_links":{"self":[{"href":"https:\/\/www.radiodoctor.com.br\/site\/wp-json\/wp\/v2\/pages\/81"}],"collection":[{"href":"https:\/\/www.radiodoctor.com.br\/site\/wp-json\/wp\/v2\/pages"}],"about":[{"href":"https:\/\/www.radiodoctor.com.br\/site\/wp-json\/wp\/v2\/types\/page"}],"author":[{"embeddable":true,"href":"https:\/\/www.radiodoctor.com.br\/site\/wp-json\/wp\/v2\/users\/1"}],"replies":[{"embeddable":true,"href":"https:\/\/www.radiodoctor.com.br\/site\/wp-json\/wp\/v2\/comments?post=81"}],"version-history":[{"count":4,"href":"https:\/\/www.radiodoctor.com.br\/site\/wp-json\/wp\/v2\/pages\/81\/revisions"}],"predecessor-version":[{"id":305,"href":"https:\/\/www.radiodoctor.com.br\/site\/wp-json\/wp\/v2\/pages\/81\/revisions\/305"}],"wp:attachment":[{"href":"https:\/\/www.radiodoctor.com.br\/site\/wp-json\/wp\/v2\/media?parent=81"}],"curies":[{"name":"wp","href":"https:\/\/api.w.org\/{rel}","templated":true}]}}