{"id":201,"date":"2018-03-13T11:48:38","date_gmt":"2018-03-13T13:48:38","guid":{"rendered":"https:\/\/www.radiodoctor.com.br\/site\/?page_id=201"},"modified":"2018-03-14T22:38:16","modified_gmt":"2018-03-15T00:38:16","slug":"impressora-3d-easysolution","status":"publish","type":"page","link":"https:\/\/www.radiodoctor.com.br\/site\/impressora-3d-easysolution\/","title":{"rendered":"Impressora 3D Easysolution"},"content":{"rendered":"<div class=\"wpb-content-wrapper\">[vc_row][vc_column width=&#8221;1\/2&#8243;][vc_empty_space][vc_column_text]\n<h4><span style=\"color: #ff0000;\"><br \/>\n\u00c9 indiscut\u00edvel que viveremos um per\u00edodo de transi\u00e7\u00e3o no qual os ortodontistas come\u00e7ar\u00e3o a ser educados para compreender as vantagens do uso de modelos digitais para diagnostico e planejamento.<\/span><\/h4>\n<h4><span style=\"color: #ff0000;\"><br \/>\nFrente a esse cen\u00e1rio, o Easysolution desenvolveu junto a industria nacional de impress\u00e3o 3D um equipamento capaz de suprir as necessidades dos centros de radiologia durante esse per\u00edodo: A Impressora Easysolution, \u00e9 hoje a op\u00e7\u00e3o mais racional e vi\u00e1vel para que o Ortodontista possa receber modelos digitais obtidos atrav\u00e9s do escaneamento intraoral e tamb\u00e9m os modelos f\u00edsicos dos seus pacientes, sejam eles de estudo ou trabalho.<\/span>[\/vc_column_text][\/vc_column][vc_column width=&#8221;1\/2&#8243;][vc_single_image image=&#8221;205&#8243; img_size=&#8221;full&#8221; alignment=&#8221;center&#8221;][\/vc_column][\/vc_row][vc_row][vc_column width=&#8221;1\/6&#8243;][\/vc_column][vc_column width=&#8221;2\/3&#8243;][vc_column_text]<\/h4>\n<div style=\"width: 788px;\" class=\"wp-video\"><!--[if lt IE 9]><script>document.createElement('video');<\/script><![endif]-->\n<video class=\"wp-video-shortcode\" id=\"video-201-1\" width=\"788\" height=\"446\" preload=\"metadata\" controls=\"controls\"><source type=\"video\/mp4\" src=\"https:\/\/www.radiodoctor.com.br\/site\/wp-content\/uploads\/2018\/03\/17a2b705-a1fd-4ed0-b492-2b4844dc0373.mp4?_=1\" \/><a href=\"https:\/\/www.radiodoctor.com.br\/site\/wp-content\/uploads\/2018\/03\/17a2b705-a1fd-4ed0-b492-2b4844dc0373.mp4\">https:\/\/www.radiodoctor.com.br\/site\/wp-content\/uploads\/2018\/03\/17a2b705-a1fd-4ed0-b492-2b4844dc0373.mp4<\/a><\/video><\/div>\n[\/vc_column_text][\/vc_column][vc_column width=&#8221;1\/6&#8243;][\/vc_column][\/vc_row]\n<\/div>","protected":false},"excerpt":{"rendered":"<p>[vc_row][vc_column width=&#8221;1\/2&#8243;][vc_empty_space][vc_column_text] \u00c9 indiscut\u00edvel que viveremos um per\u00edodo de transi\u00e7\u00e3o no qual os ortodontistas come\u00e7ar\u00e3o a ser educados para compreender as vantagens do uso de modelos digitais para diagnostico e planejamento. Frente a esse cen\u00e1rio, o Easysolution desenvolveu junto a industria nacional de impress\u00e3o 3D um equipamento capaz de suprir as necessidades dos centros de [&hellip;]<\/p>\n","protected":false},"author":1,"featured_media":0,"parent":0,"menu_order":0,"comment_status":"closed","ping_status":"closed","template":"","meta":{"footnotes":""},"_links":{"self":[{"href":"https:\/\/www.radiodoctor.com.br\/site\/wp-json\/wp\/v2\/pages\/201"}],"collection":[{"href":"https:\/\/www.radiodoctor.com.br\/site\/wp-json\/wp\/v2\/pages"}],"about":[{"href":"https:\/\/www.radiodoctor.com.br\/site\/wp-json\/wp\/v2\/types\/page"}],"author":[{"embeddable":true,"href":"https:\/\/www.radiodoctor.com.br\/site\/wp-json\/wp\/v2\/users\/1"}],"replies":[{"embeddable":true,"href":"https:\/\/www.radiodoctor.com.br\/site\/wp-json\/wp\/v2\/comments?post=201"}],"version-history":[{"count":8,"href":"https:\/\/www.radiodoctor.com.br\/site\/wp-json\/wp\/v2\/pages\/201\/revisions"}],"predecessor-version":[{"id":222,"href":"https:\/\/www.radiodoctor.com.br\/site\/wp-json\/wp\/v2\/pages\/201\/revisions\/222"}],"wp:attachment":[{"href":"https:\/\/www.radiodoctor.com.br\/site\/wp-json\/wp\/v2\/media?parent=201"}],"curies":[{"name":"wp","href":"https:\/\/api.w.org\/{rel}","templated":true}]}}