{"id":199,"date":"2018-03-13T11:48:11","date_gmt":"2018-03-13T13:48:11","guid":{"rendered":"https:\/\/www.radiodoctor.com.br\/site\/?page_id=199"},"modified":"2018-03-14T22:32:58","modified_gmt":"2018-03-15T00:32:58","slug":"scanner-intraoral-cs-3600-carestream","status":"publish","type":"page","link":"https:\/\/www.radiodoctor.com.br\/site\/scanner-intraoral-cs-3600-carestream\/","title":{"rendered":"Scanner Intraoral CS 3600 Carestream"},"content":{"rendered":"<div class=\"wpb-content-wrapper\">[vc_row][vc_column width=&#8221;1\/2&#8243;][vc_empty_space][vc_column_text]\n<h4><span style=\"color: #ff0000;\"><br \/>\nO CS3600 \u00e9 ideal para consult\u00f3rios que atuam com restaura\u00e7\u00e3o, ortodontia e implante. Ele se adapta \u00e0s necessidades dos profissionais, tornando a captura de imagens digitais r\u00e1pida e f\u00e1cil.<\/span><\/h4>\n<p>&nbsp;<\/p>\n<h4><span style=\"color: #ff0000;\">O scanner apresenta os seguintes recursos:<\/span><\/h4>\n<h4><span style=\"color: #ff0000;\">Alta velocidade cont\u00ednua de escaneamento<\/span><\/h4>\n<h4><span style=\"color: #ff0000;\">Sistema de reconhecimento de imagem inteligente<\/span><\/h4>\n<h4><span style=\"color: #ff0000;\">Interface intuitiva que simplifica a transi\u00e7\u00e3o para o fluxo de trabalho digital<\/span><\/h4>\n<h4><span style=\"color: #ff0000;\">Pontas reutiliz\u00e1veis autoclav\u00e1veis com menor altura do mercado<\/span><\/h4>\n<h4><span style=\"color: #ff0000;\">Escaneamento total preciso 3D HD colorido<\/span><\/h4>\n[\/vc_column_text][\/vc_column][vc_column width=&#8221;1\/2&#8243;][vc_single_image image=&#8221;210&#8243; img_size=&#8221;full&#8221; alignment=&#8221;center&#8221;][\/vc_column][\/vc_row][vc_row][vc_column width=&#8221;1\/6&#8243;][\/vc_column][vc_column width=&#8221;2\/3&#8243;][vc_column_text]\n<div style=\"width: 788px;\" class=\"wp-video\"><!--[if lt IE 9]><script>document.createElement('video');<\/script><![endif]-->\n<video class=\"wp-video-shortcode\" id=\"video-199-1\" width=\"788\" height=\"443\" preload=\"metadata\" controls=\"controls\"><source type=\"video\/mp4\" src=\"https:\/\/www.radiodoctor.com.br\/site\/wp-content\/uploads\/2018\/03\/Scanner.mp4?_=1\" \/><a href=\"https:\/\/www.radiodoctor.com.br\/site\/wp-content\/uploads\/2018\/03\/Scanner.mp4\">https:\/\/www.radiodoctor.com.br\/site\/wp-content\/uploads\/2018\/03\/Scanner.mp4<\/a><\/video><\/div>\n[\/vc_column_text][\/vc_column][vc_column width=&#8221;1\/6&#8243;][\/vc_column][\/vc_row]\n<\/div>","protected":false},"excerpt":{"rendered":"<p>[vc_row][vc_column width=&#8221;1\/2&#8243;][vc_empty_space][vc_column_text] O CS3600 \u00e9 ideal para consult\u00f3rios que atuam com restaura\u00e7\u00e3o, ortodontia e implante. Ele se adapta \u00e0s necessidades dos profissionais, tornando a captura de imagens digitais r\u00e1pida e f\u00e1cil. &nbsp; O scanner apresenta os seguintes recursos: Alta velocidade cont\u00ednua de escaneamento Sistema de reconhecimento de imagem inteligente Interface intuitiva que simplifica a transi\u00e7\u00e3o [&hellip;]<\/p>\n","protected":false},"author":1,"featured_media":0,"parent":0,"menu_order":0,"comment_status":"closed","ping_status":"closed","template":"","meta":{"footnotes":""},"_links":{"self":[{"href":"https:\/\/www.radiodoctor.com.br\/site\/wp-json\/wp\/v2\/pages\/199"}],"collection":[{"href":"https:\/\/www.radiodoctor.com.br\/site\/wp-json\/wp\/v2\/pages"}],"about":[{"href":"https:\/\/www.radiodoctor.com.br\/site\/wp-json\/wp\/v2\/types\/page"}],"author":[{"embeddable":true,"href":"https:\/\/www.radiodoctor.com.br\/site\/wp-json\/wp\/v2\/users\/1"}],"replies":[{"embeddable":true,"href":"https:\/\/www.radiodoctor.com.br\/site\/wp-json\/wp\/v2\/comments?post=199"}],"version-history":[{"count":8,"href":"https:\/\/www.radiodoctor.com.br\/site\/wp-json\/wp\/v2\/pages\/199\/revisions"}],"predecessor-version":[{"id":217,"href":"https:\/\/www.radiodoctor.com.br\/site\/wp-json\/wp\/v2\/pages\/199\/revisions\/217"}],"wp:attachment":[{"href":"https:\/\/www.radiodoctor.com.br\/site\/wp-json\/wp\/v2\/media?parent=199"}],"curies":[{"name":"wp","href":"https:\/\/api.w.org\/{rel}","templated":true}]}}