{"id":197,"date":"2018-03-13T11:47:55","date_gmt":"2018-03-13T13:47:55","guid":{"rendered":"https:\/\/www.radiodoctor.com.br\/site\/?page_id=197"},"modified":"2018-03-14T23:15:58","modified_gmt":"2018-03-15T01:15:58","slug":"tomografia-cone-bean","status":"publish","type":"page","link":"https:\/\/www.radiodoctor.com.br\/site\/tomografia-cone-bean\/","title":{"rendered":"Tomografia Cone Beam"},"content":{"rendered":"<div class=\"wpb-content-wrapper\">[vc_row][vc_column width=&#8221;1\/2&#8243;][vc_empty_space height=&#8221;62px&#8221;][vc_column_text]\n<h4><span style=\"color: #ff0000;\">A Tomografia Computadorizada Volum\u00e9trica de Feixe C\u00f4nico \u00e9 uma t\u00e9cnica revolucion\u00e1ria de obten\u00e7\u00e3o de imagem que utiliza um feixe c\u00f4nico de radia\u00e7\u00e3o (Cone Beam) associado a um receptor de imagens . Nesta t\u00e9cnica, o conjunto fonte de raios X e receptor de imagens gira 360\u00ba uma \u00fanica vez em torno da regi\u00e3o de interesse.<\/span><\/h4>\n<p>&nbsp;<\/p>\n<h4><span style=\"color: #ff0000;\">Durante este giro, m\u00faltiplas proje\u00e7\u00f5es em \u00e2ngulos diferentes s\u00e3o obtidas s\u00e3o enviadas ao computador. Essas proje\u00e7\u00f5es cont\u00eam toda a informa\u00e7\u00e3o necess\u00e1ria para compor a matriz da imagem em 3D. As imagens podem ser fornecidas em filmes, papel colorido e em CD (arquivos DICOM, JPG, PDF ou Dentalslice).<\/span><\/h4>\n<p>&nbsp;<\/p>\n<h4><span style=\"color: #ff0000;\">Por ser um tom\u00f3grafo dedicado exclusivamente para a \u00e1rea dento-maxilo-facial \u00e9 poss\u00edvel observar pelas varia\u00e7\u00f5es de tons de cinza (6 a14 bites dependendo do equipamento) os tecidos dent\u00e1rios que comp\u00f5em o \u00f3rg\u00e3o dental, o espa\u00e7o periodontal, a l\u00e2mina dura, a c\u00e2mara pulpar, a cortical \u00f3ssea compacta e a medular. Ou seja, a tecnologia trouxe muito mais detalhe em contraste e densidade (detalhamento).<\/span><\/h4>\n[\/vc_column_text][\/vc_column][vc_column width=&#8221;1\/2&#8243;][vc_single_image image=&#8221;225&#8243; img_size=&#8221;full&#8221; alignment=&#8221;center&#8221;][\/vc_column][\/vc_row][vc_row][vc_column width=&#8221;1\/3&#8243;][vc_single_image image=&#8221;229&#8243; img_size=&#8221;full&#8221; alignment=&#8221;center&#8221;][\/vc_column][vc_column width=&#8221;1\/3&#8243;][vc_single_image image=&#8221;230&#8243; img_size=&#8221;full&#8221; alignment=&#8221;center&#8221;][\/vc_column][vc_column width=&#8221;1\/3&#8243;][vc_single_image image=&#8221;231&#8243; img_size=&#8221;full&#8221; alignment=&#8221;center&#8221;][\/vc_column][\/vc_row]\n<\/div>","protected":false},"excerpt":{"rendered":"<p>[vc_row][vc_column width=&#8221;1\/2&#8243;][vc_empty_space height=&#8221;62px&#8221;][vc_column_text] A Tomografia Computadorizada Volum\u00e9trica de Feixe C\u00f4nico \u00e9 uma t\u00e9cnica revolucion\u00e1ria de obten\u00e7\u00e3o de imagem que utiliza um feixe c\u00f4nico de radia\u00e7\u00e3o (Cone Beam) associado a um receptor de imagens . Nesta t\u00e9cnica, o conjunto fonte de raios X e receptor de imagens gira 360\u00ba uma \u00fanica vez em torno da regi\u00e3o [&hellip;]<\/p>\n","protected":false},"author":1,"featured_media":0,"parent":0,"menu_order":0,"comment_status":"closed","ping_status":"closed","template":"","meta":{"footnotes":""},"_links":{"self":[{"href":"https:\/\/www.radiodoctor.com.br\/site\/wp-json\/wp\/v2\/pages\/197"}],"collection":[{"href":"https:\/\/www.radiodoctor.com.br\/site\/wp-json\/wp\/v2\/pages"}],"about":[{"href":"https:\/\/www.radiodoctor.com.br\/site\/wp-json\/wp\/v2\/types\/page"}],"author":[{"embeddable":true,"href":"https:\/\/www.radiodoctor.com.br\/site\/wp-json\/wp\/v2\/users\/1"}],"replies":[{"embeddable":true,"href":"https:\/\/www.radiodoctor.com.br\/site\/wp-json\/wp\/v2\/comments?post=197"}],"version-history":[{"count":7,"href":"https:\/\/www.radiodoctor.com.br\/site\/wp-json\/wp\/v2\/pages\/197\/revisions"}],"predecessor-version":[{"id":232,"href":"https:\/\/www.radiodoctor.com.br\/site\/wp-json\/wp\/v2\/pages\/197\/revisions\/232"}],"wp:attachment":[{"href":"https:\/\/www.radiodoctor.com.br\/site\/wp-json\/wp\/v2\/media?parent=197"}],"curies":[{"name":"wp","href":"https:\/\/api.w.org\/{rel}","templated":true}]}}