{"id":195,"date":"2018-03-13T11:46:03","date_gmt":"2018-03-13T13:46:03","guid":{"rendered":"https:\/\/www.radiodoctor.com.br\/site\/?page_id=195"},"modified":"2018-03-14T23:28:15","modified_gmt":"2018-03-15T01:28:15","slug":"raio-x-periapical","status":"publish","type":"page","link":"https:\/\/www.radiodoctor.com.br\/site\/raio-x-periapical\/","title":{"rendered":"Raio X Periapical"},"content":{"rendered":"<div class=\"wpb-content-wrapper\">[vc_row][vc_column width=&#8221;1\/2&#8243;][vc_column_text]\n<h3><\/h3>\n<h3><span style=\"color: #ff0000;\">VISTASCAN-MINI \u2013 O pequeno Not\u00e1vel<\/span><\/h3>\n<p>&nbsp;<\/p>\n<h4><span style=\"color: #ff0000;\">\u2022 Sistema de DIGITALIZA\u00c7\u00c3O dos RX PERIAPICAIS E OCLUSAIS com Placas de f\u00f3sforo mais avan\u00e7ado da atualidade.<\/span><br \/>\n<span style=\"color: #ff0000;\"> \u2022 Imagens em alta defini\u00e7\u00e3o, com qualidade inigual\u00e1veis e em apenas 6 segundos.<\/span><br \/>\n<span style=\"color: #ff0000;\"> \u2022 80% menos radia\u00e7\u00e3o na obten\u00e7\u00e3o da imagens, maior seguran\u00e7a para o paciente.<\/span><br \/>\n<span style=\"color: #ff0000;\"> \u2022 Resultado e Entrega imediata dos exames: Impresso em Dry (filme) e via E-mail.<\/span><br \/>\n<span style=\"color: #ff0000;\"> \u2022 Impress\u00e3o da Radiografia Periapical 1:1 (sem distor\u00e7\u00e3o).<\/span><br \/>\n<span style=\"color: #ff0000;\"> \u2022 Todos os nossos exames s\u00e3o realizados por \u201cEspecialista em Radiologista\u201d.<\/span><\/h4>\n[\/vc_column_text][\/vc_column][vc_column width=&#8221;1\/2&#8243;][vc_single_image image=&#8221;235&#8243; img_size=&#8221;full&#8221; alignment=&#8221;center&#8221;][\/vc_column][\/vc_row][vc_row][vc_column][vc_masonry_media_grid initial_loading_animation=&#8221;none&#8221; grid_id=&#8221;vc_gid:1521077226058-a8bf3999-eb25-4&#8243; include=&#8221;237,238,239,240,241,242&#8243;][\/vc_column][\/vc_row]\n<\/div>","protected":false},"excerpt":{"rendered":"<p>[vc_row][vc_column width=&#8221;1\/2&#8243;][vc_column_text] VISTASCAN-MINI \u2013 O pequeno Not\u00e1vel &nbsp; \u2022 Sistema de DIGITALIZA\u00c7\u00c3O dos RX PERIAPICAIS E OCLUSAIS com Placas de f\u00f3sforo mais avan\u00e7ado da atualidade. \u2022 Imagens em alta defini\u00e7\u00e3o, com qualidade inigual\u00e1veis e em apenas 6 segundos. \u2022 80% menos radia\u00e7\u00e3o na obten\u00e7\u00e3o da imagens, maior seguran\u00e7a para o paciente. \u2022 Resultado e Entrega [&hellip;]<\/p>\n","protected":false},"author":1,"featured_media":0,"parent":0,"menu_order":0,"comment_status":"closed","ping_status":"closed","template":"","meta":{"footnotes":""},"_links":{"self":[{"href":"https:\/\/www.radiodoctor.com.br\/site\/wp-json\/wp\/v2\/pages\/195"}],"collection":[{"href":"https:\/\/www.radiodoctor.com.br\/site\/wp-json\/wp\/v2\/pages"}],"about":[{"href":"https:\/\/www.radiodoctor.com.br\/site\/wp-json\/wp\/v2\/types\/page"}],"author":[{"embeddable":true,"href":"https:\/\/www.radiodoctor.com.br\/site\/wp-json\/wp\/v2\/users\/1"}],"replies":[{"embeddable":true,"href":"https:\/\/www.radiodoctor.com.br\/site\/wp-json\/wp\/v2\/comments?post=195"}],"version-history":[{"count":5,"href":"https:\/\/www.radiodoctor.com.br\/site\/wp-json\/wp\/v2\/pages\/195\/revisions"}],"predecessor-version":[{"id":243,"href":"https:\/\/www.radiodoctor.com.br\/site\/wp-json\/wp\/v2\/pages\/195\/revisions\/243"}],"wp:attachment":[{"href":"https:\/\/www.radiodoctor.com.br\/site\/wp-json\/wp\/v2\/media?parent=195"}],"curies":[{"name":"wp","href":"https:\/\/api.w.org\/{rel}","templated":true}]}}