{"id":193,"date":"2018-03-13T11:45:31","date_gmt":"2018-03-13T13:45:31","guid":{"rendered":"https:\/\/www.radiodoctor.com.br\/site\/?page_id=193"},"modified":"2018-03-15T00:33:08","modified_gmt":"2018-03-15T02:33:08","slug":"kodac-9000-3d-digital-extraoral-system","status":"publish","type":"page","link":"https:\/\/www.radiodoctor.com.br\/site\/kodac-9000-3d-digital-extraoral-system\/","title":{"rendered":"Kodac 9000 3D Digital extraoral system"},"content":{"rendered":"<div class=\"wpb-content-wrapper\">[vc_row][vc_column width=&#8221;1\/2&#8243;][vc_column_text]\n<h4><\/h4>\n<h4><span style=\"color: #ff0000;\">Sistema de Radiologia extra-oral Kodak 9000 Cone Beam 3D combina inova\u00e7\u00e3o com simplicidade para a gera\u00e7\u00e3o de imagens de diagn\u00f3stico dental e maxilofacial e permite visualizar, de modo r\u00e1pido e f\u00e1cil, as estruturas cr\u00e2nios-faciais dos pacientes com a precis\u00e3o incompar\u00e1vel do 3D, utilizando a plataforma de equipamentos da Kodak.<\/span><\/h4>\n<p>&nbsp;<\/p>\n<h4><span style=\"color: #ff0000;\">Solu\u00e7\u00e3o tr\u00eas em um, o Sistema de Radiologia Extra-Oral Kodak 9000 3D \u00e9 uma ferramenta de diagn\u00f3stico completa. Possui a tecnologia cefalom\u00e9trica \u201cone-shot\u201d (que capta a imagem em menos de um segundo) a e tecnologia panor\u00e2mica de alta qualidade.<\/span><\/h4>\n[\/vc_column_text][\/vc_column][vc_column width=&#8221;1\/2&#8243;][vc_single_image image=&#8221;246&#8243; img_size=&#8221;full&#8221; alignment=&#8221;center&#8221;][\/vc_column][\/vc_row][vc_row][vc_column width=&#8221;1\/6&#8243;][\/vc_column][vc_column width=&#8221;2\/3&#8243;][vc_column_text]\n<p style=\"text-align: center;\"><iframe loading=\"lazy\" src=\"https:\/\/www.youtube.com\/embed\/Qqp4t1CipHg?rel=0\" width=\"560\" height=\"315\" frameborder=\"0\" allowfullscreen=\"allowfullscreen\"><\/iframe><\/p>\n[\/vc_column_text][\/vc_column][vc_column width=&#8221;1\/6&#8243;][\/vc_column][\/vc_row]\n<\/div>","protected":false},"excerpt":{"rendered":"<p>[vc_row][vc_column width=&#8221;1\/2&#8243;][vc_column_text] Sistema de Radiologia extra-oral Kodak 9000 Cone Beam 3D combina inova\u00e7\u00e3o com simplicidade para a gera\u00e7\u00e3o de imagens de diagn\u00f3stico dental e maxilofacial e permite visualizar, de modo r\u00e1pido e f\u00e1cil, as estruturas cr\u00e2nios-faciais dos pacientes com a precis\u00e3o incompar\u00e1vel do 3D, utilizando a plataforma de equipamentos da Kodak. &nbsp; Solu\u00e7\u00e3o tr\u00eas em [&hellip;]<\/p>\n","protected":false},"author":1,"featured_media":0,"parent":0,"menu_order":0,"comment_status":"closed","ping_status":"closed","template":"","meta":{"footnotes":""},"_links":{"self":[{"href":"https:\/\/www.radiodoctor.com.br\/site\/wp-json\/wp\/v2\/pages\/193"}],"collection":[{"href":"https:\/\/www.radiodoctor.com.br\/site\/wp-json\/wp\/v2\/pages"}],"about":[{"href":"https:\/\/www.radiodoctor.com.br\/site\/wp-json\/wp\/v2\/types\/page"}],"author":[{"embeddable":true,"href":"https:\/\/www.radiodoctor.com.br\/site\/wp-json\/wp\/v2\/users\/1"}],"replies":[{"embeddable":true,"href":"https:\/\/www.radiodoctor.com.br\/site\/wp-json\/wp\/v2\/comments?post=193"}],"version-history":[{"count":8,"href":"https:\/\/www.radiodoctor.com.br\/site\/wp-json\/wp\/v2\/pages\/193\/revisions"}],"predecessor-version":[{"id":254,"href":"https:\/\/www.radiodoctor.com.br\/site\/wp-json\/wp\/v2\/pages\/193\/revisions\/254"}],"wp:attachment":[{"href":"https:\/\/www.radiodoctor.com.br\/site\/wp-json\/wp\/v2\/media?parent=193"}],"curies":[{"name":"wp","href":"https:\/\/api.w.org\/{rel}","templated":true}]}}