{"id":137,"date":"2017-11-21T11:24:03","date_gmt":"2017-11-21T13:24:03","guid":{"rendered":"https:\/\/www.radiodoctor.com.br\/site\/?page_id=137"},"modified":"2018-03-23T00:42:53","modified_gmt":"2018-03-23T02:42:53","slug":"convenios-lencois-paulistas","status":"publish","type":"page","link":"https:\/\/www.radiodoctor.com.br\/site\/convenios-lencois-paulistas\/","title":{"rendered":"Conv\u00eanios &#8211; Len\u00e7\u00f3is Paulistas"},"content":{"rendered":"<div class=\"wpb-content-wrapper\">[vc_row][vc_column width=&#8221;2\/3&#8243;][vc_empty_space][vc_column_text]\n<ul>\n<li>\n<h4><span style=\"color: #ffffff;\">Grupo Lwart<\/span><\/h4>\n<\/li>\n<li>\n<h4><span style=\"color: #ffffff;\">Zillor<\/span><\/h4>\n<\/li>\n<li>\n<h4><span style=\"color: #ffffff;\">Frigol<\/span><\/h4>\n<\/li>\n<li>\n<h4><span style=\"color: #ffffff;\">Unidonto<\/span><\/h4>\n<\/li>\n<li>\n<h4><span style=\"color: #ffffff;\">Funer\u00e1ria S\u00e3o Francisco<\/span><\/h4>\n<\/li>\n<li>\n<h4><span style=\"color: #ffffff;\">Funer\u00e1ria P\u00e2nico<\/span><\/h4>\n<\/li>\n<li>\n<h4><span style=\"color: #ffffff;\">ACILPA &#8211; Associa\u00e7\u00e3o Comercial de Len\u00e7\u00f3is Pta.<\/span><\/h4>\n<\/li>\n<li>\n<h4><span style=\"color: #ffffff;\">Sincovelpa &#8211; Sindicato dos Motoristas<\/span><\/h4>\n<\/li>\n<li>\n<h4><span style=\"color: #ffffff;\">ASP \u2013 Associa\u00e7\u00e3o dos Servidores P\u00fablicos de Len\u00e7\u00f3is Pta.<\/span><\/h4>\n<\/li>\n<li>\n<h4><span style=\"color: #ffffff;\">Ascana \u2013 Associa\u00e7\u00e3o dos Fornecedores de Cana de Len\u00e7\u00f3is Pta.<\/span><\/h4>\n<\/li>\n<li>\n<h4><span style=\"color: #ffffff;\">Odontoprev<\/span><\/h4>\n<\/li>\n<li>\n<h4><span style=\"color: #ffffff;\">Sa\u00fade Dental<\/span><\/h4>\n<\/li>\n<li>\n<h4><span style=\"color: #ffffff;\">Odonto Empresas<\/span><\/h4>\n<\/li>\n<li>\n<h4><span style=\"color: #ffffff;\">Baptistella Estruturas Met\u00e1licas<\/span><\/h4>\n<\/li>\n<\/ul>\n<h4><span style=\"color: #ffffff;\">Descontos Especiais:<\/span><\/h4>\n<ul>\n<li>\n<h4><span style=\"color: #ffffff;\">Duraflora<\/span><\/h4>\n<\/li>\n<li>\n<h4><span style=\"color: #ffffff;\">Omi Zillo<\/span><\/h4>\n<\/li>\n<li>\n<h4><span style=\"color: #ffffff;\">Lutepel<\/span><\/h4>\n<\/li>\n<li>\n<h4><span style=\"color: #ffffff;\">Zabet<\/span><\/h4>\n<\/li>\n<\/ul>\n[\/vc_column_text][\/vc_column][vc_column width=&#8221;1\/3&#8243;][vc_widget_sidebar sidebar_id=&#8221;sidebar-1&#8243;][\/vc_column][\/vc_row]\n<\/div>","protected":false},"excerpt":{"rendered":"<p>[vc_row][vc_column width=&#8221;2\/3&#8243;][vc_empty_space][vc_column_text] Grupo Lwart Zillor Frigol Unidonto Funer\u00e1ria S\u00e3o Francisco Funer\u00e1ria P\u00e2nico ACILPA &#8211; Associa\u00e7\u00e3o Comercial de Len\u00e7\u00f3is Pta. Sincovelpa &#8211; Sindicato dos Motoristas ASP \u2013 Associa\u00e7\u00e3o dos Servidores P\u00fablicos de Len\u00e7\u00f3is Pta. Ascana \u2013 Associa\u00e7\u00e3o dos Fornecedores de Cana de Len\u00e7\u00f3is Pta. Odontoprev Sa\u00fade Dental Odonto Empresas Baptistella Estruturas Met\u00e1licas Descontos Especiais: Duraflora Omi [&hellip;]<\/p>\n","protected":false},"author":1,"featured_media":0,"parent":0,"menu_order":0,"comment_status":"closed","ping_status":"closed","template":"","meta":{"footnotes":""},"_links":{"self":[{"href":"https:\/\/www.radiodoctor.com.br\/site\/wp-json\/wp\/v2\/pages\/137"}],"collection":[{"href":"https:\/\/www.radiodoctor.com.br\/site\/wp-json\/wp\/v2\/pages"}],"about":[{"href":"https:\/\/www.radiodoctor.com.br\/site\/wp-json\/wp\/v2\/types\/page"}],"author":[{"embeddable":true,"href":"https:\/\/www.radiodoctor.com.br\/site\/wp-json\/wp\/v2\/users\/1"}],"replies":[{"embeddable":true,"href":"https:\/\/www.radiodoctor.com.br\/site\/wp-json\/wp\/v2\/comments?post=137"}],"version-history":[{"count":5,"href":"https:\/\/www.radiodoctor.com.br\/site\/wp-json\/wp\/v2\/pages\/137\/revisions"}],"predecessor-version":[{"id":322,"href":"https:\/\/www.radiodoctor.com.br\/site\/wp-json\/wp\/v2\/pages\/137\/revisions\/322"}],"wp:attachment":[{"href":"https:\/\/www.radiodoctor.com.br\/site\/wp-json\/wp\/v2\/media?parent=137"}],"curies":[{"name":"wp","href":"https:\/\/api.w.org\/{rel}","templated":true}]}}