{"id":133,"date":"2017-11-21T11:19:33","date_gmt":"2017-11-21T13:19:33","guid":{"rendered":"https:\/\/www.radiodoctor.com.br\/site\/?page_id=133"},"modified":"2018-03-23T00:41:11","modified_gmt":"2018-03-23T02:41:11","slug":"tomografias","status":"publish","type":"page","link":"https:\/\/www.radiodoctor.com.br\/site\/tomografias\/","title":{"rendered":"Tomografias"},"content":{"rendered":"<div class=\"wpb-content-wrapper\">[vc_row][vc_column width=&#8221;1\/3&#8243;][vc_empty_space][vc_column_text]\n<h4><span style=\"color: #ffffff;\">A Radiodoctor oferece tomografias computadorizadas, proporcionando ao cirurgi\u00e3o dentista que realizar\u00e1 o ato cir\u00fargico\u00a0uma intera\u00e7\u00e3o em ambiente virtual com cortes axiais, transversais, panor\u00e2micas e em janela 3 D. Inserir implantes, ajustar suas dimens\u00f5es, inclina\u00e7\u00e3o, permitindo uma vis\u00e3o pr\u00f3xima da real anatomia do paciente.<\/span><\/h4>\n[\/vc_column_text][\/vc_column][vc_column width=&#8221;1\/3&#8243;][vc_column_text]\n<p align=\"center\"><img loading=\"lazy\" decoding=\"async\" src=\"http:\/\/radiodoctor.com.br\/etc\/img10.jpg\" width=\"395\" height=\"293\" border=\"0\" \/><\/p>\n[\/vc_column_text][\/vc_column][vc_column width=&#8221;1\/3&#8243;][vc_widget_sidebar sidebar_id=&#8221;sidebar-1&#8243;][\/vc_column][\/vc_row]\n<\/div>","protected":false},"excerpt":{"rendered":"<p>[vc_row][vc_column width=&#8221;1\/3&#8243;][vc_empty_space][vc_column_text] A Radiodoctor oferece tomografias computadorizadas, proporcionando ao cirurgi\u00e3o dentista que realizar\u00e1 o ato cir\u00fargico\u00a0uma intera\u00e7\u00e3o em ambiente virtual com cortes axiais, transversais, panor\u00e2micas e em janela 3 D. Inserir implantes, ajustar suas dimens\u00f5es, inclina\u00e7\u00e3o, permitindo uma vis\u00e3o pr\u00f3xima da real anatomia do paciente. [\/vc_column_text][\/vc_column][vc_column width=&#8221;1\/3&#8243;][vc_column_text] [\/vc_column_text][\/vc_column][vc_column width=&#8221;1\/3&#8243;][vc_widget_sidebar sidebar_id=&#8221;sidebar-1&#8243;][\/vc_column][\/vc_row]<\/p>\n","protected":false},"author":1,"featured_media":0,"parent":0,"menu_order":0,"comment_status":"closed","ping_status":"closed","template":"","meta":{"footnotes":""},"_links":{"self":[{"href":"https:\/\/www.radiodoctor.com.br\/site\/wp-json\/wp\/v2\/pages\/133"}],"collection":[{"href":"https:\/\/www.radiodoctor.com.br\/site\/wp-json\/wp\/v2\/pages"}],"about":[{"href":"https:\/\/www.radiodoctor.com.br\/site\/wp-json\/wp\/v2\/types\/page"}],"author":[{"embeddable":true,"href":"https:\/\/www.radiodoctor.com.br\/site\/wp-json\/wp\/v2\/users\/1"}],"replies":[{"embeddable":true,"href":"https:\/\/www.radiodoctor.com.br\/site\/wp-json\/wp\/v2\/comments?post=133"}],"version-history":[{"count":6,"href":"https:\/\/www.radiodoctor.com.br\/site\/wp-json\/wp\/v2\/pages\/133\/revisions"}],"predecessor-version":[{"id":320,"href":"https:\/\/www.radiodoctor.com.br\/site\/wp-json\/wp\/v2\/pages\/133\/revisions\/320"}],"wp:attachment":[{"href":"https:\/\/www.radiodoctor.com.br\/site\/wp-json\/wp\/v2\/media?parent=133"}],"curies":[{"name":"wp","href":"https:\/\/api.w.org\/{rel}","templated":true}]}}