{"id":127,"date":"2017-11-21T11:15:16","date_gmt":"2017-11-21T13:15:16","guid":{"rendered":"https:\/\/www.radiodoctor.com.br\/site\/?page_id=127"},"modified":"2018-03-23T00:40:36","modified_gmt":"2018-03-23T02:40:36","slug":"documentacoes-ortodonticas","status":"publish","type":"page","link":"https:\/\/www.radiodoctor.com.br\/site\/documentacoes-ortodonticas\/","title":{"rendered":"Documenta\u00e7\u00f5es Ortod\u00f4nticas"},"content":{"rendered":"<div class=\"wpb-content-wrapper\">[vc_row][vc_column width=&#8221;2\/3&#8243;][vc_column_text]\n<h4><span style=\"color: #ffffff;\"><b>Documenta\u00e7\u00e3o simplificada:<\/b>\u00a0Panor\u00e2mica, telerradiografia, fotos extra-orais (frente e perfil), fotos intra-orais (frente, lateral D e E) modelos de estudo, analise e tra\u00e7ado. Especifique a analise:<\/span><\/h4>\n<p>&nbsp;<\/p>\n<h4><span style=\"color: #ffffff;\"><b>Documenta\u00e7\u00e3o basica:<\/b>\u00a0Panor\u00e2mica, telerradiografia, fotos extra-orais (frente, sorriso e perfil) fotos intra-orais (frente, lateral D e E), oclusais de maxila e mand\u00edbula, modelos de estudo e tra\u00e7ado, especifique a analise:<\/span><\/h4>\n<p>&nbsp;<\/p>\n<h4><span style=\"color: #ffffff;\"><b>Documenta\u00e7\u00e3o completa:<\/b>\u00a0B\u00e1sica: Panor\u00e2mica, telerradiografia, fotos extra-orais (frente, sorriso e perfil) fotos intra-orais (frente, lateral D e E), oclusais de maxila e mand\u00edbula, modelos de estudo, periapicais dos anteriores, analise e tra\u00e7ado. Especifique a analise:<\/span><\/h4>\n<p>&nbsp;<\/p>\n<h4><span style=\"color: #ffffff;\"><strong>Documenta\u00e7\u00e3o Ortod\u00f4ntica On-Line:<\/strong>\u00a0Acesso atrav\u00e9s da \u00c1rea do Dentista<\/span><\/h4>\n[\/vc_column_text][\/vc_column][vc_column width=&#8221;1\/3&#8243;][vc_widget_sidebar sidebar_id=&#8221;sidebar-1&#8243;][\/vc_column][\/vc_row]\n<\/div>","protected":false},"excerpt":{"rendered":"<p>[vc_row][vc_column width=&#8221;2\/3&#8243;][vc_column_text] Documenta\u00e7\u00e3o simplificada:\u00a0Panor\u00e2mica, telerradiografia, fotos extra-orais (frente e perfil), fotos intra-orais (frente, lateral D e E) modelos de estudo, analise e tra\u00e7ado. Especifique a analise: &nbsp; Documenta\u00e7\u00e3o basica:\u00a0Panor\u00e2mica, telerradiografia, fotos extra-orais (frente, sorriso e perfil) fotos intra-orais (frente, lateral D e E), oclusais de maxila e mand\u00edbula, modelos de estudo e tra\u00e7ado, especifique a [&hellip;]<\/p>\n","protected":false},"author":1,"featured_media":0,"parent":0,"menu_order":0,"comment_status":"closed","ping_status":"closed","template":"","meta":{"footnotes":""},"_links":{"self":[{"href":"https:\/\/www.radiodoctor.com.br\/site\/wp-json\/wp\/v2\/pages\/127"}],"collection":[{"href":"https:\/\/www.radiodoctor.com.br\/site\/wp-json\/wp\/v2\/pages"}],"about":[{"href":"https:\/\/www.radiodoctor.com.br\/site\/wp-json\/wp\/v2\/types\/page"}],"author":[{"embeddable":true,"href":"https:\/\/www.radiodoctor.com.br\/site\/wp-json\/wp\/v2\/users\/1"}],"replies":[{"embeddable":true,"href":"https:\/\/www.radiodoctor.com.br\/site\/wp-json\/wp\/v2\/comments?post=127"}],"version-history":[{"count":4,"href":"https:\/\/www.radiodoctor.com.br\/site\/wp-json\/wp\/v2\/pages\/127\/revisions"}],"predecessor-version":[{"id":319,"href":"https:\/\/www.radiodoctor.com.br\/site\/wp-json\/wp\/v2\/pages\/127\/revisions\/319"}],"wp:attachment":[{"href":"https:\/\/www.radiodoctor.com.br\/site\/wp-json\/wp\/v2\/media?parent=127"}],"curies":[{"name":"wp","href":"https:\/\/api.w.org\/{rel}","templated":true}]}}