{"id":100,"date":"2017-11-21T10:51:58","date_gmt":"2017-11-21T12:51:58","guid":{"rendered":"https:\/\/www.radiodoctor.com.br\/site\/?page_id=100"},"modified":"2018-03-23T00:26:29","modified_gmt":"2018-03-23T02:26:29","slug":"radiografia-panoramica","status":"publish","type":"page","link":"https:\/\/www.radiodoctor.com.br\/site\/radiografia-panoramica\/","title":{"rendered":"Radiografia Panor\u00e2mica"},"content":{"rendered":"<div class=\"wpb-content-wrapper\">[vc_row][vc_column width=&#8221;1\/3&#8243;][vc_empty_space][vc_column_text]\n<h4><span style=\"color: #ffffff;\">Exame radiogr\u00e1fico inicial, pois produz uma vis\u00e3o panor\u00e2mica do complexo maxilo-mandibular envolvendo uma dose de radia\u00e7\u00e3o muito pequena. Proporciona subs\u00eddios adequados para a maioria dos procedimentos de cirurgia bucal, avalia\u00e7\u00e3o do progresso de tratamentos ortod\u00f4nticos, informa\u00e7\u00f5es sobre crescimento e desenvolvimento em crian\u00e7as.<\/span><\/h4>\n[\/vc_column_text][\/vc_column][vc_column width=&#8221;1\/3&#8243;][vc_column_text][\/vc_column_text][\/vc_column][vc_column width=&#8221;1\/3&#8243;][vc_widget_sidebar sidebar_id=&#8221;sidebar-1&#8243;][\/vc_column][\/vc_row]\n<\/div>","protected":false},"excerpt":{"rendered":"<p>[vc_row][vc_column width=&#8221;1\/3&#8243;][vc_empty_space][vc_column_text] Exame radiogr\u00e1fico inicial, pois produz uma vis\u00e3o panor\u00e2mica do complexo maxilo-mandibular envolvendo uma dose de radia\u00e7\u00e3o muito pequena. Proporciona subs\u00eddios adequados para a maioria dos procedimentos de cirurgia bucal, avalia\u00e7\u00e3o do progresso de tratamentos ortod\u00f4nticos, informa\u00e7\u00f5es sobre crescimento e desenvolvimento em crian\u00e7as. [\/vc_column_text][\/vc_column][vc_column width=&#8221;1\/3&#8243;][vc_column_text][\/vc_column_text][\/vc_column][vc_column width=&#8221;1\/3&#8243;][vc_widget_sidebar sidebar_id=&#8221;sidebar-1&#8243;][\/vc_column][\/vc_row]<\/p>\n","protected":false},"author":1,"featured_media":0,"parent":0,"menu_order":0,"comment_status":"closed","ping_status":"closed","template":"","meta":{"footnotes":""},"_links":{"self":[{"href":"https:\/\/www.radiodoctor.com.br\/site\/wp-json\/wp\/v2\/pages\/100"}],"collection":[{"href":"https:\/\/www.radiodoctor.com.br\/site\/wp-json\/wp\/v2\/pages"}],"about":[{"href":"https:\/\/www.radiodoctor.com.br\/site\/wp-json\/wp\/v2\/types\/page"}],"author":[{"embeddable":true,"href":"https:\/\/www.radiodoctor.com.br\/site\/wp-json\/wp\/v2\/users\/1"}],"replies":[{"embeddable":true,"href":"https:\/\/www.radiodoctor.com.br\/site\/wp-json\/wp\/v2\/comments?post=100"}],"version-history":[{"count":4,"href":"https:\/\/www.radiodoctor.com.br\/site\/wp-json\/wp\/v2\/pages\/100\/revisions"}],"predecessor-version":[{"id":311,"href":"https:\/\/www.radiodoctor.com.br\/site\/wp-json\/wp\/v2\/pages\/100\/revisions\/311"}],"wp:attachment":[{"href":"https:\/\/www.radiodoctor.com.br\/site\/wp-json\/wp\/v2\/media?parent=100"}],"curies":[{"name":"wp","href":"https:\/\/api.w.org\/{rel}","templated":true}]}}